{"id":336,"date":"2017-09-11T18:15:09","date_gmt":"2017-09-11T17:15:09","guid":{"rendered":"https:\/\/ccilm.pt\/?page_id=336\/"},"modified":"2017-09-11T18:17:57","modified_gmt":"2017-09-11T17:17:57","slug":"organes-sociaux","status":"publish","type":"page","link":"https:\/\/ccilm.org\/fr\/organes-sociaux\/","title":{"rendered":"Organes Sociaux"},"content":{"rendered":"[vc_row type=\u00a0\u00bbin_container\u00a0\u00bb full_screen_row_position=\u00a0\u00bbmiddle\u00a0\u00bb scene_position=\u00a0\u00bbcenter\u00a0\u00bb text_color=\u00a0\u00bbdark\u00a0\u00bb text_align=\u00a0\u00bbleft\u00a0\u00bb overlay_strength=\u00a0\u00bb0.3&Prime;][vc_column column_padding=\u00a0\u00bbno-extra-padding\u00a0\u00bb column_padding_position=\u00a0\u00bball\u00a0\u00bb background_color_opacity=\u00a0\u00bb1&Prime; background_hover_color_opacity=\u00a0\u00bb1&Prime; column_shadow=\u00a0\u00bbnone\u00a0\u00bb width=\u00a0\u00bb1\/6&Prime; tablet_text_alignment=\u00a0\u00bbdefault\u00a0\u00bb phone_text_alignment=\u00a0\u00bbdefault\u00a0\u00bb column_border_width=\u00a0\u00bbnone\u00a0\u00bb column_border_style=\u00a0\u00bbsolid\u00a0\u00bb][\/vc_column][vc_column column_padding=\u00a0\u00bbno-extra-padding\u00a0\u00bb column_padding_position=\u00a0\u00bball\u00a0\u00bb background_color_opacity=\u00a0\u00bb1&Prime; background_hover_color_opacity=\u00a0\u00bb1&Prime; column_shadow=\u00a0\u00bbnone\u00a0\u00bb width=\u00a0\u00bb2\/3&Prime; tablet_text_alignment=\u00a0\u00bbdefault\u00a0\u00bb phone_text_alignment=\u00a0\u00bbdefault\u00a0\u00bb column_border_width=\u00a0\u00bbnone\u00a0\u00bb column_border_style=\u00a0\u00bbsolid\u00a0\u00bb][vc_column_text]\n<table width=\"507\">\n<tbody>\n<tr>\n<td style=\"text-align: center;\" colspan=\"2\" width=\"507\"><strong>Assembl\u00e9e G\u00e9n\u00e9rale<\/strong><\/td>\n<\/tr>\n<tr>\n<td width=\"113\"><strong>Pr\u00e9sident<\/strong><\/td>\n<td width=\"394\">&#8211; M. Miguel Gon\u00e7alves Rodrigues (Ensim\u00f3vel, S.A.)<\/td>\n<\/tr>\n<tr>\n<td width=\"113\"><strong>Vice-Pr\u00e9sident<\/strong><\/td>\n<td width=\"394\">&#8211; M. Abdelwahab Tazi<\/td>\n<\/tr>\n<tr>\n<td width=\"113\"><strong>Vice-Pr\u00e9sident<\/strong><\/td>\n<td width=\"394\">&#8211; M. Donato Vasconcelos<\/td>\n<\/tr>\n<tr>\n<td width=\"113\"><strong>Secr\u00e9taire<\/strong><\/td>\n<td width=\"394\">&#8211; Mme Ana Sofia Sousa<\/td>\n<\/tr>\n<tr>\n<td width=\"113\"><strong>Secr\u00e9taire<\/strong><\/td>\n<td width=\"394\">&#8211; M. Abderrahman Atfi (Med Sourcing)<\/td>\n<\/tr>\n<tr>\n<td style=\"text-align: center;\" colspan=\"2\" width=\"507\"><strong>Conseil d\u2019Administration <\/strong><\/td>\n<\/tr>\n<tr>\n<td width=\"113\"><strong>Pr\u00e9sident\/Directeur -G\u00e9n\u00e9ral<\/strong><\/td>\n<td width=\"394\">&#8211; M. Tawfiq Rkibi<\/td>\n<\/tr>\n<tr>\n<td width=\"113\"><strong>Vice-Pr\u00e9sident<\/strong><\/td>\n<td width=\"394\">&#8211; M. Laurentino Ferreira (AEFafe &#8211; Associa\u00e7\u00e3o Empresarial de Fafe)<\/td>\n<\/tr>\n<tr>\n<td width=\"113\"><strong>Vice-Pr\u00e9sident<\/strong><\/td>\n<td width=\"394\">&#8211; M. Carlos Pedro (CONSECO Marrocos)<\/td>\n<\/tr>\n<tr>\n<td width=\"113\"><strong>Vice-Pr\u00e9sident<\/strong><\/td>\n<td width=\"394\">&#8211; M. Jos\u00e9 Fortuna (Grupolis)<\/td>\n<\/tr>\n<tr>\n<td width=\"113\"><strong>Vice-Pr\u00e9sident<\/strong><\/td>\n<td width=\"394\">&#8211; M. Tarik Aguizoul (AMITH)<\/td>\n<\/tr>\n<tr>\n<td width=\"113\"><strong>Vice-Pr\u00e9sident<\/strong><\/td>\n<td width=\"394\">&#8211; M. Jorge Cunha (J. Cunha)<\/td>\n<\/tr>\n<tr>\n<td width=\"113\"><strong>Vice-Pr\u00e9sident<\/strong><\/td>\n<td width=\"394\">&#8211; M. Yassine Addil (CCI Casablanca et Settat)<\/td>\n<\/tr>\n<tr>\n<td width=\"113\"><strong>Vice-Pr\u00e9esident<\/strong><\/td>\n<td width=\"394\">&#8211; M. Jo\u00e3o Sintra Nunes (Mundinter)<\/td>\n<\/tr>\n<tr>\n<td width=\"113\"><strong>Vice-Pr\u00e9sident<\/strong><\/td>\n<td width=\"394\">&#8211; M. Jalil Madih (Cruz Aliz\u00e9s Travel)<\/td>\n<\/tr>\n<tr>\n<td width=\"113\"><strong>Tr\u00e9sorier<\/strong><\/td>\n<td width=\"394\">&#8211; M. Karim Vieira Mesmoudi<\/td>\n<\/tr>\n<tr>\n<td rowspan=\"6\" width=\"113\"><strong>Conseillers<\/strong><\/td>\n<td width=\"394\">&#8211; M. Tiago Wright Araujo (Laurus Lda)<\/td>\n<\/tr>\n<tr>\n<td width=\"394\">&#8211; M. Carlos Lacerda (CH Buisness Consulting S.A)<\/td>\n<\/tr>\n<tr>\n<td width=\"394\">&#8211; M. Araqi Houssaini Said (Gestic Consulting)<\/td>\n<\/tr>\n<tr>\n<td width=\"394\">&#8211; Mme Elisa David<\/td>\n<\/tr>\n<tr>\n<td width=\"394\">&#8211; M. Luis Pereira (Vibeiras)<\/td>\n<\/tr>\n<tr>\n<td width=\"394\">&#8211; Mme Ana Cristina Gon\u00e7alves (Quimialmel Lda.)<\/td>\n<\/tr>\n<tr>\n<td style=\"text-align: center;\" colspan=\"2\" width=\"507\"><strong>Conseil de Surveillance<\/strong><\/td>\n<\/tr>\n<tr>\n<td width=\"113\"><strong>Pr\u00e9sident<\/strong><\/td>\n<td width=\"394\">&#8211; M. Manuel Augusto Pechirra<\/td>\n<\/tr>\n<tr>\n<td width=\"113\"><strong>Vice-Pr\u00e9sident<\/strong><\/td>\n<td width=\"394\">&#8211; Mg. \u00c8lio Oliveira (Bielco, Lda)<\/td>\n<\/tr>\n<tr>\n<td width=\"113\"><strong>Membre<\/strong><\/td>\n<td width=\"394\">&#8211; Mme. Maria Jo\u00e3o Ruas<\/td>\n<\/tr>\n<\/tbody>\n<\/table>\n[\/vc_column_text][\/vc_column][vc_column column_padding=\u00a0\u00bbno-extra-padding\u00a0\u00bb column_padding_position=\u00a0\u00bball\u00a0\u00bb background_color_opacity=\u00a0\u00bb1&Prime; background_hover_color_opacity=\u00a0\u00bb1&Prime; column_shadow=\u00a0\u00bbnone\u00a0\u00bb width=\u00a0\u00bb1\/6&Prime; tablet_text_alignment=\u00a0\u00bbdefault\u00a0\u00bb phone_text_alignment=\u00a0\u00bbdefault\u00a0\u00bb column_border_width=\u00a0\u00bbnone\u00a0\u00bb column_border_style=\u00a0\u00bbsolid\u00a0\u00bb][\/vc_column][\/vc_row]\n","protected":false},"excerpt":{"rendered":"<p>[vc_row type=\u00a0\u00bbin_container\u00a0\u00bb full_screen_row_position=\u00a0\u00bbmiddle\u00a0\u00bb scene_position=\u00a0\u00bbcenter\u00a0\u00bb text_color=\u00a0\u00bbdark\u00a0\u00bb text_align=\u00a0\u00bbleft\u00a0\u00bb overlay_strength=\u00a0\u00bb0.3&Prime;][vc_column column_padding=\u00a0\u00bbno-extra-padding\u00a0\u00bb column_padding_position=\u00a0\u00bball\u00a0\u00bb background_color_opacity=\u00a0\u00bb1&Prime; background_hover_color_opacity=\u00a0\u00bb1&Prime; column_shadow=\u00a0\u00bbnone\u00a0\u00bb width=\u00a0\u00bb1\/6&Prime; tablet_text_alignment=\u00a0\u00bbdefault\u00a0\u00bb phone_text_alignment=\u00a0\u00bbdefault\u00a0\u00bb column_border_width=\u00a0\u00bbnone\u00a0\u00bb column_border_style=\u00a0\u00bbsolid\u00a0\u00bb][\/vc_column][vc_column column_padding=\u00a0\u00bbno-extra-padding\u00a0\u00bb column_padding_position=\u00a0\u00bball\u00a0\u00bb background_color_opacity=\u00a0\u00bb1&Prime; background_hover_color_opacity=\u00a0\u00bb1&Prime; column_shadow=\u00a0\u00bbnone\u00a0\u00bb width=\u00a0\u00bb2\/3&Prime; tablet_text_alignment=\u00a0\u00bbdefault\u00a0\u00bb phone_text_alignment=\u00a0\u00bbdefault\u00a0\u00bb column_border_width=\u00a0\u00bbnone\u00a0\u00bb column_border_style=\u00a0\u00bbsolid\u00a0\u00bb][vc_column_text] Assembl\u00e9e G\u00e9n\u00e9rale Pr\u00e9sident&#8230;<\/p>\n","protected":false},"author":9,"featured_media":0,"parent":0,"menu_order":0,"comment_status":"closed","ping_status":"closed","template":"","meta":{"om_disable_all_campaigns":false,"_monsterinsights_skip_tracking":false,"_monsterinsights_sitenote_active":false,"_monsterinsights_sitenote_note":"","_monsterinsights_sitenote_category":0,"footnotes":""},"aioseo_notices":[],"_links":{"self":[{"href":"https:\/\/ccilm.org\/fr\/wp-json\/wp\/v2\/pages\/336"}],"collection":[{"href":"https:\/\/ccilm.org\/fr\/wp-json\/wp\/v2\/pages"}],"about":[{"href":"https:\/\/ccilm.org\/fr\/wp-json\/wp\/v2\/types\/page"}],"author":[{"embeddable":true,"href":"https:\/\/ccilm.org\/fr\/wp-json\/wp\/v2\/users\/9"}],"replies":[{"embeddable":true,"href":"https:\/\/ccilm.org\/fr\/wp-json\/wp\/v2\/comments?post=336"}],"version-history":[{"count":4,"href":"https:\/\/ccilm.org\/fr\/wp-json\/wp\/v2\/pages\/336\/revisions"}],"predecessor-version":[{"id":340,"href":"https:\/\/ccilm.org\/fr\/wp-json\/wp\/v2\/pages\/336\/revisions\/340"}],"wp:attachment":[{"href":"https:\/\/ccilm.org\/fr\/wp-json\/wp\/v2\/media?parent=336"}],"curies":[{"name":"wp","href":"https:\/\/api.w.org\/{rel}","templated":true}]}}