{"id":341,"date":"2017-09-11T18:19:27","date_gmt":"2017-09-11T17:19:27","guid":{"rendered":"https:\/\/ccilm.pt\/?page_id=341\/"},"modified":"2017-09-11T18:36:02","modified_gmt":"2017-09-11T17:36:02","slug":"prestation-de-services","status":"publish","type":"page","link":"https:\/\/ccilm.org\/fr\/prestation-de-services\/","title":{"rendered":"Prestation de Services"},"content":{"rendered":"[vc_row type=\u00a0\u00bbin_container\u00a0\u00bb full_screen_row_position=\u00a0\u00bbmiddle\u00a0\u00bb scene_position=\u00a0\u00bbcenter\u00a0\u00bb text_color=\u00a0\u00bbdark\u00a0\u00bb text_align=\u00a0\u00bbleft\u00a0\u00bb top_padding=\u00a0\u00bb40&Prime; overlay_strength=\u00a0\u00bb0.3&Prime;][vc_column column_padding=\u00a0\u00bbno-extra-padding\u00a0\u00bb column_padding_position=\u00a0\u00bball\u00a0\u00bb background_color_opacity=\u00a0\u00bb1&Prime; background_hover_color_opacity=\u00a0\u00bb1&Prime; column_shadow=\u00a0\u00bbnone\u00a0\u00bb width=\u00a0\u00bb1\/1&Prime; tablet_text_alignment=\u00a0\u00bbdefault\u00a0\u00bb phone_text_alignment=\u00a0\u00bbdefault\u00a0\u00bb column_border_width=\u00a0\u00bbnone\u00a0\u00bb column_border_style=\u00a0\u00bbsolid\u00a0\u00bb]<div class=\"toggles accordion\" data-style=\"default\"><div class=\"toggle accent-color\"><h3><a href=\"#\"><i class=\"icon-plus-sign\"><\/i>Portugal Data<\/a><\/h3><div>[vc_column_text]Une base de donn\u00e9es regroupant les partenaires potentiels portugais. La classification est effectu\u00e9e en fonction de la nomenclature g\u00e9n\u00e9rale des produits. Des recherches interactives peuvent \u00e9galement \u00eatre obtenues selon des crit\u00e8res divers tels que la zone g\u00e9ographique ou la taille des entreprises.[\/vc_column_text]<\/div><\/div><div class=\"toggle accent-color\"><h3><a href=\"#\"><i class=\"icon-plus-sign\"><\/i>TELEPORTUGAL<\/a><\/h3><div>[vc_column_text]La n\u00e9cessit\u00e9 de transmettre l\u2019information en temps r\u00e9el a amen\u00e9 la Chambre \u00e0 mettre en place le syst\u00e8me TELEPORTUGAL pour divulguer instantan\u00e9ment (via fax) les opportunit\u00e9s d\u2019affaires, les appels d\u2019offre, les avis d\u2019adjudication.[\/vc_column_text]<\/div><\/div><div class=\"toggle accent-color\"><h3><a href=\"#\"><i class=\"icon-plus-sign\"><\/i>Services Promotionnels<\/a><\/h3><div>[vc_column_text]\n<ul>\n<li>Organisation personnalis\u00e9e des voyages d\u2019affaires<\/li>\n<li>Mise en relation personnalis\u00e9e avec les participants portugais aux missions organis\u00e9es par la Chambre<\/li>\n<li>Coordination de la participation aux foires et salons sp\u00e9cialis\u00e9s portugais.<\/li>\n<\/ul>\n[\/vc_column_text]<\/div><\/div><div class=\"toggle accent-color\"><h3><a href=\"#\"><i class=\"icon-plus-sign\"><\/i>Appuis Financiers<\/a><\/h3><div>[vc_column_text]\n<ul>\n<li>Facilit\u00e9 d\u2019acc\u00e8s aux lignes de cr\u00e9dit<\/li>\n<li>Acc\u00e8s au capital risque<\/li>\n<li>Acc\u00e8s aux financements portugais et europ\u00e9ens<\/li>\n<li>R\u00e9ductions substantielles au niveau des h\u00f4tels, des transports de marchandises et de la location des voitures&nbsp;\n<p>&nbsp;<\/li>\n<\/ul>\n[\/vc_column_text]<\/div><\/div><div class=\"toggle accent-color\"><h3><a href=\"#\"><i class=\"icon-plus-sign\"><\/i>Appui Logistique<\/a><\/h3><div>[vc_column_text]\n<ul>\n<li>Service de traduction<\/li>\n<li>Circulaires d\u2019information et documentation diverse<\/li>\n<\/ul>\n[\/vc_column_text]<\/div><\/div><div class=\"toggle accent-color\"><h3><a href=\"#\"><i class=\"icon-plus-sign\"><\/i>Rapports de Cr\u00e9dibilit\u00e9<\/a><\/h3><div>[vc_column_text]\n<ul>\n<li>Acc\u00e8s aux rapports confidentiels sur les partenaires potentiels<\/li>\n<li>Lettres de recommandation (dans ce cas, la Chambre d\u00e9fini la m\u00e9thodologies qu\u2019elle juge ad\u00e9quate pour collecter l\u2019information n\u00e9cessaire)<\/li>\n<\/ul>\n[\/vc_column_text]<\/div><\/div><div class=\"toggle accent-color\"><h3><a href=\"#\"><i class=\"icon-plus-sign\"><\/i>Arbitrage et Appui Juridique<\/a><\/h3><div>[vc_column_text]\n<ul>\n<li>Intervention en cas de conflit ou de litige<\/li>\n<li>Conseil juridique<\/li>\n<li>Information sur le syst\u00e8me fiscal et douanier<\/li>\n<\/ul>\n[\/vc_column_text]<\/div><\/div><\/div>[\/vc_column][\/vc_row]\n","protected":false},"excerpt":{"rendered":"<p>[vc_row type=\u00a0\u00bbin_container\u00a0\u00bb full_screen_row_position=\u00a0\u00bbmiddle\u00a0\u00bb scene_position=\u00a0\u00bbcenter\u00a0\u00bb text_color=\u00a0\u00bbdark\u00a0\u00bb text_align=\u00a0\u00bbleft\u00a0\u00bb top_padding=\u00a0\u00bb40&Prime; overlay_strength=\u00a0\u00bb0.3&Prime;][vc_column column_padding=\u00a0\u00bbno-extra-padding\u00a0\u00bb column_padding_position=\u00a0\u00bball\u00a0\u00bb background_color_opacity=\u00a0\u00bb1&Prime; background_hover_color_opacity=\u00a0\u00bb1&Prime; column_shadow=\u00a0\u00bbnone\u00a0\u00bb width=\u00a0\u00bb1\/1&Prime; tablet_text_alignment=\u00a0\u00bbdefault\u00a0\u00bb phone_text_alignment=\u00a0\u00bbdefault\u00a0\u00bb column_border_width=\u00a0\u00bbnone\u00a0\u00bb column_border_style=\u00a0\u00bbsolid\u00a0\u00bb][\/vc_column][\/vc_row]<\/p>\n","protected":false},"author":9,"featured_media":0,"parent":0,"menu_order":0,"comment_status":"closed","ping_status":"closed","template":"","meta":{"om_disable_all_campaigns":false,"_monsterinsights_skip_tracking":false,"_monsterinsights_sitenote_active":false,"_monsterinsights_sitenote_note":"","_monsterinsights_sitenote_category":0,"footnotes":""},"aioseo_notices":[],"_links":{"self":[{"href":"https:\/\/ccilm.org\/fr\/wp-json\/wp\/v2\/pages\/341"}],"collection":[{"href":"https:\/\/ccilm.org\/fr\/wp-json\/wp\/v2\/pages"}],"about":[{"href":"https:\/\/ccilm.org\/fr\/wp-json\/wp\/v2\/types\/page"}],"author":[{"embeddable":true,"href":"https:\/\/ccilm.org\/fr\/wp-json\/wp\/v2\/users\/9"}],"replies":[{"embeddable":true,"href":"https:\/\/ccilm.org\/fr\/wp-json\/wp\/v2\/comments?post=341"}],"version-history":[{"count":3,"href":"https:\/\/ccilm.org\/fr\/wp-json\/wp\/v2\/pages\/341\/revisions"}],"predecessor-version":[{"id":348,"href":"https:\/\/ccilm.org\/fr\/wp-json\/wp\/v2\/pages\/341\/revisions\/348"}],"wp:attachment":[{"href":"https:\/\/ccilm.org\/fr\/wp-json\/wp\/v2\/media?parent=341"}],"curies":[{"name":"wp","href":"https:\/\/api.w.org\/{rel}","templated":true}]}}