{"id":343,"date":"2017-09-11T18:20:01","date_gmt":"2017-09-11T17:20:01","guid":{"rendered":"https:\/\/ccilm.pt\/?page_id=343\/"},"modified":"2017-09-11T18:28:51","modified_gmt":"2017-09-11T17:28:51","slug":"statuts","status":"publish","type":"page","link":"https:\/\/ccilm.org\/fr\/statuts\/","title":{"rendered":"Statuts"},"content":{"rendered":"[vc_row type=\u00a0\u00bbin_container\u00a0\u00bb full_screen_row_position=\u00a0\u00bbmiddle\u00a0\u00bb scene_position=\u00a0\u00bbcenter\u00a0\u00bb text_color=\u00a0\u00bbdark\u00a0\u00bb text_align=\u00a0\u00bbleft\u00a0\u00bb overlay_strength=\u00a0\u00bb0.3&Prime;][vc_column column_padding=\u00a0\u00bbno-extra-padding\u00a0\u00bb column_padding_position=\u00a0\u00bball\u00a0\u00bb background_color_opacity=\u00a0\u00bb1&Prime; background_hover_color_opacity=\u00a0\u00bb1&Prime; column_shadow=\u00a0\u00bbnone\u00a0\u00bb width=\u00a0\u00bb1\/6&Prime; tablet_text_alignment=\u00a0\u00bbdefault\u00a0\u00bb phone_text_alignment=\u00a0\u00bbdefault\u00a0\u00bb column_border_width=\u00a0\u00bbnone\u00a0\u00bb column_border_style=\u00a0\u00bbsolid\u00a0\u00bb][\/vc_column][vc_column column_padding=\u00a0\u00bbno-extra-padding\u00a0\u00bb column_padding_position=\u00a0\u00bball\u00a0\u00bb background_color_opacity=\u00a0\u00bb1&Prime; background_hover_color_opacity=\u00a0\u00bb1&Prime; column_shadow=\u00a0\u00bbnone\u00a0\u00bb width=\u00a0\u00bb2\/3&Prime; tablet_text_alignment=\u00a0\u00bbdefault\u00a0\u00bb phone_text_alignment=\u00a0\u00bbdefault\u00a0\u00bb column_border_width=\u00a0\u00bbnone\u00a0\u00bb column_border_style=\u00a0\u00bbsolid\u00a0\u00bb][vc_column_text]\n<p style=\"text-align: center;\">TITRE 1<br \/>\n<strong>D\u00e9nomination, Si\u00e8ge et Objet de l\u2019Institution<\/strong><\/p>\n<p style=\"text-align: center;\">Article 1<\/p>\n<p>La Chambre de Commerce et d\u2019Industrie Luso-marocaine a son si\u00e8ge social \u00e0 Lisbonne.<\/p>\n<p style=\"text-align: center;\">Article 2<br \/>\n<strong>Objet<\/strong><\/p>\n<p>La Chambre de Commerce et d\u2019Industrie Luso-Marocaine est une association qui a pour objectif de promouvoir et de d\u00e9velopper l\u2019\u00e9change et la coop\u00e9ration \u00e9conomiques, scientifiques, techniques et humains entre le Portugal et le Maroc.<\/p>\n<p style=\"text-align: center;\">Article 3<br \/>\n<strong>Fonctions<\/strong><\/p>\n<p>La mission de la Chambre de Commerce s\u2019exerce particuli\u00e8rement dans les domaines d\u2019activit\u00e9 suivants:<\/p>\n<ul class=\"alpha\">\n<li>Promouvoir les contacts industriels et commerciaux entre les entit\u00e9s portugaises et marocaines par l\u2019organisation de conf\u00e9rences, de r\u00e9unions, de congr\u00e8s, de foires, d\u2019expositions et de manifestations diverses, en rapport avec l\u2019objet de la Chambre;<\/li>\n<li>Accueillir les hommes d\u2019affaires portugais et marocains ainsi que n\u2019importe quel membre des Chambres de Commerce et d\u2019Industries marocaines qui seraient de passage au Portugal;<\/li>\n<li>Faciliter les relations entre les industriels et commer\u00e7ants portugais et marocains, favoriser le d\u00e9veloppement de leurs affaires et favoriser les transferts de technologies;<\/li>\n<li>Collaborer de mani\u00e8re permanente avec les services de d\u00e9veloppement \u00e9conomique et de promotion des exportations du Maroc, ainsi qu\u2019avec les organismes portugais de m\u00eame nature:\n<ul>\n<li>dans l\u2019\u00e9tude et le d\u00e9veloppement des investissements marocains et portugais;<\/li>\n<li>dans la procuration de march\u00e9s, de repr\u00e9sentants ou de collaborateurs pour des firmes marocaines ou portugaises<\/li>\n<li>dans la cr\u00e9ation de fichiers et de dossiers de documentation g\u00e9n\u00e9rale et dans la diffusion d\u2019informations \u00e0 caract\u00e8re \u00e9conomique et financier;<\/li>\n<\/ul>\n<\/li>\n<li>Publier des bulletins p\u00e9riodiques ayant pour objectif: l\u2019information rapide de ses membres sur les principaux \u00e9v\u00e8nements relatifs \u00e0 l\u2019\u00e9change maroco-portugais: donner connaissance des travaux de la Chambre; publier la liste annuelle de ses membres, publier des \u00e9tudes sp\u00e9cialis\u00e9es;<\/li>\n<li>Contribuer, aupr\u00e8s des organisations professionnellles ou financi\u00e8res, portugaises ou marocaines, \u00e0 la protection des int\u00e9r\u00eats \u00e9conomiques des deux pays, implant\u00e9s au Portugal et au Maroc, et exercer, pour cette fin, l\u2019influence n\u00e9cessaire pour l\u2019\u00e9laboration et l\u2019application des r\u00e8glements relatifs \u00e0 l\u2019\u00e9change entre les deux pays.<\/li>\n<li>Apporter l\u2019aide et l\u2019assistance dans le cadre des conditions issues du r\u00e8glement interne, pour la r\u00e9solution des litiges sur lesquels la Chambre peut \u00eatre consult\u00e9e, pouvant ainsi recommander des experts et proposer son arbitrage;<\/li>\n<li>Aider, dans la mesure du possible, \u00e0 trouver de l\u2019emploi pour les citoyens portugais et marocains qui d\u00e9sireraient travailler dans les deux pays dans le cadre de la l\u00e9gislation en vigueur dans chacun des deux pays;<\/li>\n<li>Viser les certificats d\u2019origines n\u00e9cessaires aux \u00e9changes commerciaux entre le Portugal et le Maroc.<\/li>\n<\/ul>\n<p style=\"text-align: center;\">Article 8<br \/>\n<strong>Demande d&rsquo;Admission<\/strong><\/p>\n<ol>\n<li>Toute demande d\u2019admission en qualit\u00e9 de membre actif doit \u00eatre faite par \u00e9crit et adress\u00e9e au Pr\u00e9sident. Elle doit stipuler l\u2019adh\u00e9sion aux statuts et porter la signature du candidat ainsi que celles des deux membres actifs qui le parrainent.<\/li>\n<li>Cette demande est soumise au Conseil d\u2019Administration qui d\u00e9cidera.<\/li>\n<\/ol>\n[\/vc_column_text][\/vc_column][vc_column column_padding=\u00a0\u00bbno-extra-padding\u00a0\u00bb column_padding_position=\u00a0\u00bball\u00a0\u00bb background_color_opacity=\u00a0\u00bb1&Prime; background_hover_color_opacity=\u00a0\u00bb1&Prime; column_shadow=\u00a0\u00bbnone\u00a0\u00bb width=\u00a0\u00bb1\/6&Prime; tablet_text_alignment=\u00a0\u00bbdefault\u00a0\u00bb phone_text_alignment=\u00a0\u00bbdefault\u00a0\u00bb column_border_width=\u00a0\u00bbnone\u00a0\u00bb column_border_style=\u00a0\u00bbsolid\u00a0\u00bb][\/vc_column][\/vc_row]\n","protected":false},"excerpt":{"rendered":"<p>[vc_row type=\u00a0\u00bbin_container\u00a0\u00bb full_screen_row_position=\u00a0\u00bbmiddle\u00a0\u00bb scene_position=\u00a0\u00bbcenter\u00a0\u00bb text_color=\u00a0\u00bbdark\u00a0\u00bb text_align=\u00a0\u00bbleft\u00a0\u00bb overlay_strength=\u00a0\u00bb0.3&Prime;][vc_column column_padding=\u00a0\u00bbno-extra-padding\u00a0\u00bb column_padding_position=\u00a0\u00bball\u00a0\u00bb background_color_opacity=\u00a0\u00bb1&Prime; background_hover_color_opacity=\u00a0\u00bb1&Prime; column_shadow=\u00a0\u00bbnone\u00a0\u00bb width=\u00a0\u00bb1\/6&Prime; tablet_text_alignment=\u00a0\u00bbdefault\u00a0\u00bb phone_text_alignment=\u00a0\u00bbdefault\u00a0\u00bb column_border_width=\u00a0\u00bbnone\u00a0\u00bb column_border_style=\u00a0\u00bbsolid\u00a0\u00bb][\/vc_column][vc_column column_padding=\u00a0\u00bbno-extra-padding\u00a0\u00bb column_padding_position=\u00a0\u00bball\u00a0\u00bb background_color_opacity=\u00a0\u00bb1&Prime; background_hover_color_opacity=\u00a0\u00bb1&Prime; column_shadow=\u00a0\u00bbnone\u00a0\u00bb width=\u00a0\u00bb2\/3&Prime; tablet_text_alignment=\u00a0\u00bbdefault\u00a0\u00bb phone_text_alignment=\u00a0\u00bbdefault\u00a0\u00bb column_border_width=\u00a0\u00bbnone\u00a0\u00bb column_border_style=\u00a0\u00bbsolid\u00a0\u00bb][vc_column_text] TITRE 1 D\u00e9nomination,&#8230;<\/p>\n","protected":false},"author":9,"featured_media":0,"parent":0,"menu_order":0,"comment_status":"closed","ping_status":"closed","template":"","meta":{"om_disable_all_campaigns":false,"_monsterinsights_skip_tracking":false,"_monsterinsights_sitenote_active":false,"_monsterinsights_sitenote_note":"","_monsterinsights_sitenote_category":0,"footnotes":""},"aioseo_notices":[],"_links":{"self":[{"href":"https:\/\/ccilm.org\/fr\/wp-json\/wp\/v2\/pages\/343"}],"collection":[{"href":"https:\/\/ccilm.org\/fr\/wp-json\/wp\/v2\/pages"}],"about":[{"href":"https:\/\/ccilm.org\/fr\/wp-json\/wp\/v2\/types\/page"}],"author":[{"embeddable":true,"href":"https:\/\/ccilm.org\/fr\/wp-json\/wp\/v2\/users\/9"}],"replies":[{"embeddable":true,"href":"https:\/\/ccilm.org\/fr\/wp-json\/wp\/v2\/comments?post=343"}],"version-history":[{"count":3,"href":"https:\/\/ccilm.org\/fr\/wp-json\/wp\/v2\/pages\/343\/revisions"}],"predecessor-version":[{"id":346,"href":"https:\/\/ccilm.org\/fr\/wp-json\/wp\/v2\/pages\/343\/revisions\/346"}],"wp:attachment":[{"href":"https:\/\/ccilm.org\/fr\/wp-json\/wp\/v2\/media?parent=343"}],"curies":[{"name":"wp","href":"https:\/\/api.w.org\/{rel}","templated":true}]}}